{"id":35536,"date":"2024-05-08T07:59:50","date_gmt":"2024-05-08T05:59:50","guid":{"rendered":"https:\/\/polymusiq.com\/?page_id=35536"},"modified":"2026-03-25T19:32:15","modified_gmt":"2026-03-25T18:32:15","slug":"mentions-legales","status":"publish","type":"page","link":"https:\/\/polymusiq.com\/es\/mentions-legales\/","title":{"rendered":"Informaci\u00f3n jur\u00eddica"},"content":{"rendered":"\t\t<div data-elementor-type=\"wp-page\" data-elementor-id=\"35536\" class=\"elementor elementor-35536\" data-elementor-post-type=\"page\">\n\t\t\t\t<div class=\"elementor-element elementor-element-58e2856 e-con-full e-flex e-con e-parent\" data-id=\"58e2856\" data-element_type=\"container\" data-e-type=\"container\" data-settings=\"{&quot;jet_parallax_layout_list&quot;:[]}\">\n\t\t\t\t<div class=\"elementor-element elementor-element-a229836 elementor-widget elementor-widget-text-editor\" data-id=\"a229836\" data-element_type=\"widget\" data-e-type=\"widget\" data-widget_type=\"text-editor.default\">\n\t\t\t\t<div class=\"elementor-widget-container\">\n\t\t\t\t\t\t\t\t\t<h6>1. \u00c9diteur du site :<\/h6><p>&#8211; Nom de l\u2019entreprise : Polymusiq Inc.<br \/>&#8211; Forme juridique : Soci\u00e9t\u00e9 par actions simplifi\u00e9e (SAS)<\/p><p>&#8211; Adresse: Route du village 8D Puidoux 1070<\/p><p>&#8211; Adresse e-mail :\u00a0<a class=\"c-link\" href=\"mailto:info@polymusiq.com\" target=\"_blank\" rel=\"noopener noreferrer\" data-stringify-link=\"mailto:info@polymusiq.com\" data-sk=\"tooltip_parent\" aria-haspopup=\"menu\">info@polymusiq.com<\/a><\/p><h6>2. Directeur de la publication :<\/h6><p>&#8211; Nom du directeur :\u00a0 Renevier S\u00e9bastien Christian<br \/>&#8211; Contact e-mail :\u00a0\u00a0<a class=\"c-link\" href=\"mailto:chrisitan.renevier20@gmail.com\" target=\"_blank\" rel=\"noopener noreferrer\" data-stringify-link=\"mailto:chrisitan.renevier20@gmail.com\" data-sk=\"tooltip_parent\" aria-haspopup=\"menu\">chrisitan.renevier20@gmail.com<\/a><\/p><h6>3. H\u00e9bergeur du site :<\/h6><p>&#8211; Nom de l\u2019h\u00e9bergeur : [ infomaniak ]<br \/>&#8211; Adresse : Infomaniak Network SA<br \/>Avenue de la Praille, 26<br \/>1227 Carouge \/ Gen\u00e8ve<br \/>Suisse<br \/>&#8211; Num\u00e9ro de t\u00e9l\u00e9phone :\u00a0<a class=\"c-link\" href=\"tel:+41228203544\" target=\"_blank\" rel=\"noopener noreferrer\" data-stringify-link=\"tel:+41228203544\" data-sk=\"tooltip_parent\">+41 22 820 35 44<\/a><\/p><h6>4. Propri\u00e9t\u00e9 intellectuelle :<\/h6><p>&#8211; Les contenus de ce site (logos, textes, photographies, vid\u00e9os, etc.) sont prot\u00e9g\u00e9s par le droit d\u2019auteur et sont la propri\u00e9t\u00e9 exclusive de Polymusiq Inc. Toute reproduction, modification, distribution ou repr\u00e9sentation de tout ou partie de l\u2019un des contenus, sans autorisation expresse \u00e9crite de Polymusiq Inc., est interdite et constitutive d\u2019une contrefa\u00e7on sanctionn\u00e9e par le Code de la propri\u00e9t\u00e9 intellectuelle.<\/p><h6>5. Conditions d\u2019utilisation du service :<\/h6><p>&#8211; Les utilisateurs de Polymusiq s\u2019engagent \u00e0 ne pas utiliser les services du site \u00e0 des fins ill\u00e9gales ou non autoris\u00e9es.<br \/>&#8211; Les termes des services fournis et des \u00e9ventuelles sp\u00e9cificit\u00e9s contractuelles seront d\u00e9taill\u00e9s dans les Conditions G\u00e9n\u00e9rales d\u2019Utilisation (CGU) accessibles sur le site.<\/p><h6>6. Protection des donn\u00e9es personnelles :<\/h6><p>&#8211; Conform\u00e9ment \u00e0 la r\u00e9glementation en vigueur, Polymusiq Inc. s\u2019engage \u00e0 prot\u00e9ger les donn\u00e9es personnelles de ses utilisateurs. Les informations recueillies sont destin\u00e9es \u00e0 l\u2019usage exclusif de Polymusiq et peuvent donner lieu \u00e0 l\u2019exercice du droit d\u2019acc\u00e8s, de rectification et d\u2019opposition conform\u00e9ment \u00e0 la loi [Nom de la loi nationale] sur la protection des donn\u00e9es.<br \/>&#8211; Une politique de confidentialit\u00e9 d\u00e9taill\u00e9e est disponible et accessible \u00e0 tous les utilisateurs pour plus d\u2019informations sur la gestion des donn\u00e9es personnelles.<\/p><h6>7. Modification des mentions l\u00e9gales :<\/h6><p>&#8211; Polymusiq Inc. se r\u00e9serve le droit de modifier les mentions l\u00e9gales \u00e0 tout moment. Les utilisateurs sont encourag\u00e9s \u00e0 les consulter r\u00e9guli\u00e8rement pour prendre connaissance des changements<\/p>\t\t\t\t\t\t\t\t<\/div>\n\t\t\t\t<\/div>\n\t\t\t\t<\/div>\n\t\t\t\t<\/div>\n\t\t","protected":false},"excerpt":{"rendered":"<p>1. \u00c9diteur du site : &#8211; Nom de l\u2019entreprise : Polymusiq Inc.&#8211; Forme juridique : Soci\u00e9t\u00e9 par actions simplifi\u00e9e (SAS) &#8211; Adresse: Route du village 8D Puidoux 1070 &#8211; Adresse e-mail :\u00a0info@polymusiq.com 2. Directeur de la publication : &#8211; Nom du directeur :\u00a0 Renevier S\u00e9bastien Christian&#8211; Contact e-mail :\u00a0\u00a0chrisitan.renevier20@gmail.com 3. H\u00e9bergeur du site : &#8211; [&hellip;]<\/p>\n","protected":false},"author":2,"featured_media":0,"parent":0,"menu_order":0,"comment_status":"closed","ping_status":"closed","template":"","meta":{"footnotes":""},"class_list":["post-35536","page","type-page","status-publish","hentry"],"_links":{"self":[{"href":"https:\/\/polymusiq.com\/es\/wp-json\/wp\/v2\/pages\/35536","targetHints":{"allow":["GET"]}}],"collection":[{"href":"https:\/\/polymusiq.com\/es\/wp-json\/wp\/v2\/pages"}],"about":[{"href":"https:\/\/polymusiq.com\/es\/wp-json\/wp\/v2\/types\/page"}],"author":[{"embeddable":true,"href":"https:\/\/polymusiq.com\/es\/wp-json\/wp\/v2\/users\/2"}],"replies":[{"embeddable":true,"href":"https:\/\/polymusiq.com\/es\/wp-json\/wp\/v2\/comments?post=35536"}],"version-history":[{"count":27,"href":"https:\/\/polymusiq.com\/es\/wp-json\/wp\/v2\/pages\/35536\/revisions"}],"predecessor-version":[{"id":37523,"href":"https:\/\/polymusiq.com\/es\/wp-json\/wp\/v2\/pages\/35536\/revisions\/37523"}],"wp:attachment":[{"href":"https:\/\/polymusiq.com\/es\/wp-json\/wp\/v2\/media?parent=35536"}],"curies":[{"name":"wp","href":"https:\/\/api.w.org\/{rel}","templated":true}]}}