{"id":28856,"date":"2024-01-09T14:32:43","date_gmt":"2024-01-09T13:32:43","guid":{"rendered":"https:\/\/polymusiq.geekworkers.dev\/?page_id=28856"},"modified":"2025-06-02T17:58:24","modified_gmt":"2025-06-02T15:58:24","slug":"a-propos","status":"publish","type":"page","link":"https:\/\/polymusiq.com\/de\/a-propos\/","title":{"rendered":"\u00dcber"},"content":{"rendered":"\t\t<div data-elementor-type=\"wp-page\" data-elementor-id=\"28856\" class=\"elementor elementor-28856\" data-elementor-post-type=\"page\">\n\t\t\t\t<div class=\"elementor-element elementor-element-721eb70 e-con-full e-flex e-con e-parent\" data-id=\"721eb70\" data-element_type=\"container\" data-e-type=\"container\" data-settings=\"{&quot;background_background&quot;:&quot;classic&quot;,&quot;jet_parallax_layout_list&quot;:[]}\">\n\t\t<div class=\"elementor-element elementor-element-f9d11f4 e-flex e-con-boxed e-con e-child\" data-id=\"f9d11f4\" data-element_type=\"container\" data-e-type=\"container\" data-settings=\"{&quot;jet_parallax_layout_list&quot;:[]}\">\n\t\t\t\t\t<div class=\"e-con-inner\">\n\t\t\t\t<div class=\"elementor-element elementor-element-3bcf5bd elementor-widget elementor-widget-heading\" data-id=\"3bcf5bd\" data-element_type=\"widget\" data-e-type=\"widget\" id=\"aboutTitle\" data-widget_type=\"heading.default\">\n\t\t\t\t<div class=\"elementor-widget-container\">\n\t\t\t\t\t<h1 class=\"elementor-heading-title elementor-size-default\">\u00c0 propos de <span>PolyMusiq<\/span><\/h1>\t\t\t\t<\/div>\n\t\t\t\t<\/div>\n\t\t<div class=\"elementor-element elementor-element-7408922 e-grid elementor-hidden-tablet elementor-hidden-mobile e-con-boxed e-con e-child\" data-id=\"7408922\" data-element_type=\"container\" data-e-type=\"container\" data-settings=\"{&quot;jet_parallax_layout_list&quot;:[]}\">\n\t\t\t\t\t<div class=\"e-con-inner\">\n\t\t<div class=\"elementor-element elementor-element-4335058 e-con-full e-flex e-con e-child\" data-id=\"4335058\" data-element_type=\"container\" data-e-type=\"container\" data-settings=\"{&quot;jet_parallax_layout_list&quot;:[]}\">\n\t\t\t\t<div class=\"elementor-element elementor-element-a69046a animated-fast elementor-invisible elementor-widget elementor-widget-image\" data-id=\"a69046a\" data-element_type=\"widget\" data-e-type=\"widget\" data-settings=\"{&quot;_animation&quot;:&quot;zoomIn&quot;}\" data-widget_type=\"image.default\">\n\t\t\t\t<div class=\"elementor-widget-container\">\n\t\t\t\t\t\t\t\t\t\t\t\t\t\t\t<img fetchpriority=\"high\" decoding=\"async\" width=\"357\" height=\"200\" src=\"https:\/\/polymusiq.com\/wp-content\/uploads\/2024\/01\/1-1.jpeg\" class=\"attachment-full size-full wp-image-30251\" alt=\"\" srcset=\"https:\/\/polymusiq.com\/wp-content\/uploads\/2024\/01\/1-1.jpeg 357w, https:\/\/polymusiq.com\/wp-content\/uploads\/2024\/01\/1-1-300x168.jpeg 300w\" sizes=\"(max-width: 357px) 100vw, 357px\" \/>\t\t\t\t\t\t\t\t\t\t\t\t\t\t\t<\/div>\n\t\t\t\t<\/div>\n\t\t\t\t<div class=\"elementor-element elementor-element-573c0b0 animated-fast elementor-invisible elementor-widget elementor-widget-image\" data-id=\"573c0b0\" data-element_type=\"widget\" data-e-type=\"widget\" data-settings=\"{&quot;_animation&quot;:&quot;zoomIn&quot;}\" data-widget_type=\"image.default\">\n\t\t\t\t<div class=\"elementor-widget-container\">\n\t\t\t\t\t\t\t\t\t\t\t\t\t\t\t<img decoding=\"async\" width=\"333\" height=\"330\" src=\"https:\/\/polymusiq.com\/wp-content\/uploads\/2024\/01\/4.jpeg\" class=\"attachment-full size-full wp-image-30254\" alt=\"\" srcset=\"https:\/\/polymusiq.com\/wp-content\/uploads\/2024\/01\/4.jpeg 333w, https:\/\/polymusiq.com\/wp-content\/uploads\/2024\/01\/4-100x100.jpeg 100w, https:\/\/polymusiq.com\/wp-content\/uploads\/2024\/01\/4-300x297.jpeg 300w, https:\/\/polymusiq.com\/wp-content\/uploads\/2024\/01\/4-150x150.jpeg 150w\" sizes=\"(max-width: 333px) 100vw, 333px\" \/>\t\t\t\t\t\t\t\t\t\t\t\t\t\t\t<\/div>\n\t\t\t\t<\/div>\n\t\t\t\t<\/div>\n\t\t<div class=\"elementor-element elementor-element-d2e1d03 e-con-full elementor-hidden-tablet elementor-hidden-mobile e-flex e-con e-child\" data-id=\"d2e1d03\" data-element_type=\"container\" data-e-type=\"container\" data-settings=\"{&quot;jet_parallax_layout_list&quot;:[]}\">\n\t\t\t\t<div class=\"elementor-element elementor-element-699b1e1 animated-fast elementor-invisible elementor-widget elementor-widget-image\" data-id=\"699b1e1\" data-element_type=\"widget\" data-e-type=\"widget\" data-settings=\"{&quot;_animation&quot;:&quot;zoomIn&quot;}\" data-widget_type=\"image.default\">\n\t\t\t\t<div class=\"elementor-widget-container\">\n\t\t\t\t\t\t\t\t\t\t\t\t\t\t\t<img decoding=\"async\" width=\"736\" height=\"667\" src=\"https:\/\/polymusiq.com\/wp-content\/uploads\/2024\/01\/about-polymusic-image.jpg\" class=\"attachment-full size-full wp-image-29823\" alt=\"\" srcset=\"https:\/\/polymusiq.com\/wp-content\/uploads\/2024\/01\/about-polymusic-image.jpg 736w, https:\/\/polymusiq.com\/wp-content\/uploads\/2024\/01\/about-polymusic-image-600x544.jpg 600w, https:\/\/polymusiq.com\/wp-content\/uploads\/2024\/01\/about-polymusic-image-300x272.jpg 300w\" sizes=\"(max-width: 736px) 100vw, 736px\" \/>\t\t\t\t\t\t\t\t\t\t\t\t\t\t\t<\/div>\n\t\t\t\t<\/div>\n\t\t<div class=\"elementor-element elementor-element-891cd9f e-flex e-con-boxed e-con e-child\" data-id=\"891cd9f\" data-element_type=\"container\" data-e-type=\"container\" data-settings=\"{&quot;jet_parallax_layout_list&quot;:[]}\">\n\t\t\t\t\t<div class=\"e-con-inner\">\n\t\t\t\t<div class=\"elementor-element elementor-element-f47a19a animated-fast elementor-invisible elementor-widget elementor-widget-image\" data-id=\"f47a19a\" data-element_type=\"widget\" data-e-type=\"widget\" data-settings=\"{&quot;_animation&quot;:&quot;zoomIn&quot;}\" data-widget_type=\"image.default\">\n\t\t\t\t<div class=\"elementor-widget-container\">\n\t\t\t\t\t\t\t\t\t\t\t\t\t\t\t<img loading=\"lazy\" decoding=\"async\" width=\"213\" height=\"170\" src=\"https:\/\/polymusiq.com\/wp-content\/uploads\/2024\/01\/5.jpeg\" class=\"attachment-full size-full wp-image-30255\" alt=\"\" \/>\t\t\t\t\t\t\t\t\t\t\t\t\t\t\t<\/div>\n\t\t\t\t<\/div>\n\t\t\t\t<div class=\"elementor-element elementor-element-0182e1a animated-fast elementor-invisible elementor-widget elementor-widget-image\" data-id=\"0182e1a\" data-element_type=\"widget\" data-e-type=\"widget\" data-settings=\"{&quot;_animation&quot;:&quot;zoomIn&quot;}\" data-widget_type=\"image.default\">\n\t\t\t\t<div class=\"elementor-widget-container\">\n\t\t\t\t\t\t\t\t\t\t\t\t\t\t\t<img loading=\"lazy\" decoding=\"async\" width=\"263\" height=\"170\" src=\"https:\/\/polymusiq.com\/wp-content\/uploads\/2024\/01\/6.jpeg\" class=\"attachment-full size-full wp-image-30256\" alt=\"\" \/>\t\t\t\t\t\t\t\t\t\t\t\t\t\t\t<\/div>\n\t\t\t\t<\/div>\n\t\t\t\t\t<\/div>\n\t\t\t\t<\/div>\n\t\t\t\t<\/div>\n\t\t\t\t<div class=\"elementor-element elementor-element-9854211 animated-fast elementor-hidden-mobile elementor-invisible elementor-widget elementor-widget-image\" data-id=\"9854211\" data-element_type=\"widget\" data-e-type=\"widget\" data-settings=\"{&quot;_animation&quot;:&quot;zoomIn&quot;}\" data-widget_type=\"image.default\">\n\t\t\t\t<div class=\"elementor-widget-container\">\n\t\t\t\t\t\t\t\t\t\t\t\t\t\t\t<img loading=\"lazy\" decoding=\"async\" width=\"334\" height=\"500\" src=\"https:\/\/polymusiq.com\/wp-content\/uploads\/2024\/01\/3-1.jpeg\" class=\"attachment-full size-full wp-image-30253\" alt=\"\" srcset=\"https:\/\/polymusiq.com\/wp-content\/uploads\/2024\/01\/3-1.jpeg 334w, https:\/\/polymusiq.com\/wp-content\/uploads\/2024\/01\/3-1-200x300.jpeg 200w\" sizes=\"(max-width: 334px) 100vw, 334px\" \/>\t\t\t\t\t\t\t\t\t\t\t\t\t\t\t<\/div>\n\t\t\t\t<\/div>\n\t\t\t\t\t<\/div>\n\t\t\t\t<\/div>\n\t\t\t\t\t<\/div>\n\t\t\t\t<\/div>\n\t\t<div class=\"elementor-element elementor-element-e88ec5c e-flex e-con-boxed e-con e-child\" data-id=\"e88ec5c\" data-element_type=\"container\" data-e-type=\"container\" data-settings=\"{&quot;jet_parallax_layout_list&quot;:[]}\">\n\t\t\t\t\t<div class=\"e-con-inner\">\n\t\t<div class=\"elementor-element elementor-element-de326b3 e-con-full e-flex e-con e-child\" data-id=\"de326b3\" data-element_type=\"container\" data-e-type=\"container\" data-settings=\"{&quot;jet_parallax_layout_list&quot;:[]}\">\n\t\t\t\t<div class=\"elementor-element elementor-element-96bed62 elementor-widget elementor-widget-heading\" data-id=\"96bed62\" data-element_type=\"widget\" data-e-type=\"widget\" data-widget_type=\"heading.default\">\n\t\t\t\t<div class=\"elementor-widget-container\">\n\t\t\t\t\t<h4 class=\"elementor-heading-title elementor-size-default\">Qui somme-nous ?<\/h4>\t\t\t\t<\/div>\n\t\t\t\t<\/div>\n\t\t\t\t<div class=\"elementor-element elementor-element-069204b elementor-widget elementor-widget-heading\" data-id=\"069204b\" data-element_type=\"widget\" data-e-type=\"widget\" data-widget_type=\"heading.default\">\n\t\t\t\t<div class=\"elementor-widget-container\">\n\t\t\t\t\t<h4 class=\"elementor-heading-title elementor-size-default\">Notre histoire<\/h4>\t\t\t\t<\/div>\n\t\t\t\t<\/div>\n\t\t\t\t<div class=\"elementor-element elementor-element-34d6cbc elementor-widget elementor-widget-text-editor\" data-id=\"34d6cbc\" data-element_type=\"widget\" data-e-type=\"widget\" data-widget_type=\"text-editor.default\">\n\t\t\t\t<div class=\"elementor-widget-container\">\n\t\t\t\t\t\t\t\t\t<p>Notre fondateur, un professeur suisse de piano, poss\u00e8de une expertise internationale de 8 ans dans l\u2019enseignement de la musique. Dipl\u00f4m\u00e9 du prestigieux Conservatoire de Musique de Gen\u00e8ve et form\u00e9 \u00e0 l\u2019Institut Jacques-Dalcroze, il est passionn\u00e9 par l\u2019\u00e9ducation musicale et s\u2019engage \u00e0 offrir des cours de qualit\u00e9 adapt\u00e9s \u00e0 chaque \u00e9l\u00e8ve. Notre concept novateur est n\u00e9 du constat qu\u2019il manquait une plateforme sp\u00e9cialis\u00e9e d\u00e9di\u00e9e exclusivement aux cours de musique. Nous avons donc d\u00e9cid\u00e9 de combler ce vide en cr\u00e9ant un espace o\u00f9 les \u00e9l\u00e8ves et les professeurs de musique peuvent se rencontrer facilement et efficacement.<\/p>\t\t\t\t\t\t\t\t<\/div>\n\t\t\t\t<\/div>\n\t\t\t\t<\/div>\n\t\t\t\t<div class=\"elementor-element elementor-element-9fe80dc elementor-widget elementor-widget-image\" data-id=\"9fe80dc\" data-element_type=\"widget\" data-e-type=\"widget\" data-widget_type=\"image.default\">\n\t\t\t\t<div class=\"elementor-widget-container\">\n\t\t\t\t\t\t\t\t\t\t\t\t\t\t\t<img loading=\"lazy\" decoding=\"async\" width=\"800\" height=\"1200\" src=\"https:\/\/polymusiq.com\/wp-content\/uploads\/2024\/04\/pexels-mathias-reding.jpeg\" class=\"attachment-full size-full wp-image-34663\" alt=\"\" srcset=\"https:\/\/polymusiq.com\/wp-content\/uploads\/2024\/04\/pexels-mathias-reding.jpeg 800w, https:\/\/polymusiq.com\/wp-content\/uploads\/2024\/04\/pexels-mathias-reding-200x300.jpeg 200w, https:\/\/polymusiq.com\/wp-content\/uploads\/2024\/04\/pexels-mathias-reding-683x1024.jpeg 683w, https:\/\/polymusiq.com\/wp-content\/uploads\/2024\/04\/pexels-mathias-reding-768x1152.jpeg 768w, https:\/\/polymusiq.com\/wp-content\/uploads\/2024\/04\/pexels-mathias-reding-8x12.jpeg 8w, https:\/\/polymusiq.com\/wp-content\/uploads\/2024\/04\/pexels-mathias-reding-600x900.jpeg 600w\" sizes=\"(max-width: 800px) 100vw, 800px\" \/>\t\t\t\t\t\t\t\t\t\t\t\t\t\t\t<\/div>\n\t\t\t\t<\/div>\n\t\t\t\t\t<\/div>\n\t\t\t\t<\/div>\n\t\t\t\t<\/div>\n\t\t<div class=\"elementor-element elementor-element-6f95fb1 e-con-full e-flex e-con e-parent\" data-id=\"6f95fb1\" data-element_type=\"container\" data-e-type=\"container\" data-settings=\"{&quot;background_background&quot;:&quot;classic&quot;,&quot;jet_parallax_layout_list&quot;:[]}\">\n\t\t<div class=\"elementor-element elementor-element-3e0b049 e-flex e-con-boxed e-con e-child\" data-id=\"3e0b049\" data-element_type=\"container\" data-e-type=\"container\" data-settings=\"{&quot;jet_parallax_layout_list&quot;:[]}\">\n\t\t\t\t\t<div class=\"e-con-inner\">\n\t\t<div class=\"elementor-element elementor-element-e16e446 e-con-full e-flex e-con e-child\" data-id=\"e16e446\" data-element_type=\"container\" data-e-type=\"container\" id=\"missionValueBox\" data-settings=\"{&quot;background_background&quot;:&quot;classic&quot;,&quot;jet_parallax_layout_list&quot;:[]}\">\n\t\t\t\t<div class=\"elementor-element elementor-element-67c6caa elementor-widget elementor-widget-heading\" data-id=\"67c6caa\" data-element_type=\"widget\" data-e-type=\"widget\" id=\"aboutMissionValueTitle\" data-widget_type=\"heading.default\">\n\t\t\t\t<div class=\"elementor-widget-container\">\n\t\t\t\t\t<h4 class=\"elementor-heading-title elementor-size-default\"><span>Missions<\/span> &amp; Valeurs<\/h4>\t\t\t\t<\/div>\n\t\t\t\t<\/div>\n\t\t<div class=\"elementor-element elementor-element-3e89ca3 e-grid e-con-full e-con e-child\" data-id=\"3e89ca3\" data-element_type=\"container\" data-e-type=\"container\" data-settings=\"{&quot;jet_parallax_layout_list&quot;:[]}\">\n\t\t\t\t<div class=\"elementor-element elementor-element-a62a9f9 elementor-widget elementor-widget-text-editor\" data-id=\"a62a9f9\" data-element_type=\"widget\" data-e-type=\"widget\" data-widget_type=\"text-editor.default\">\n\t\t\t\t<div class=\"elementor-widget-container\">\n\t\t\t\t\t\t\t\t\t<p>Notre engagement envers l\u2019excellence et la passion pour la musique nous ont pouss\u00e9s \u00e0 cr\u00e9er cet outil unique qui r\u00e9pond aux besoins sp\u00e9cifiques de la communaut\u00e9 musicale, offrant ainsi une exp\u00e9rience d\u2019apprentissage enrichissante et gratifiante pour tous les passionn\u00e9s de musique.<\/p>\t\t\t\t\t\t\t\t<\/div>\n\t\t\t\t<\/div>\n\t\t\t\t<\/div>\n\t\t\t\t<\/div>\n\t\t\t\t\t<\/div>\n\t\t\t\t<\/div>\n\t\t<div class=\"elementor-element elementor-element-1f47365 e-flex e-con-boxed e-con e-child\" data-id=\"1f47365\" data-element_type=\"container\" data-e-type=\"container\" data-settings=\"{&quot;jet_parallax_layout_list&quot;:[]}\">\n\t\t\t\t\t<div class=\"e-con-inner\">\n\t\t<div class=\"elementor-element elementor-element-2e6c774 e-con-full e-flex e-con e-child\" data-id=\"2e6c774\" data-element_type=\"container\" data-e-type=\"container\" data-settings=\"{&quot;jet_parallax_layout_list&quot;:[]}\">\n\t\t\t\t<div class=\"elementor-element elementor-element-4fcf53f elementor-hidden-desktop elementor-hidden-tablet elementor-hidden-mobile elementor-widget elementor-widget-video\" data-id=\"4fcf53f\" data-element_type=\"widget\" data-e-type=\"widget\" id=\"aboutVideoPlayer\" data-settings=\"{&quot;video_type&quot;:&quot;hosted&quot;,&quot;show_image_overlay&quot;:&quot;yes&quot;,&quot;image_overlay&quot;:{&quot;url&quot;:&quot;https:\\\/\\\/polymusiq.com\\\/wp-content\\\/uploads\\\/2024\\\/01\\\/video-cover.jpeg&quot;,&quot;id&quot;:30375,&quot;size&quot;:&quot;&quot;,&quot;alt&quot;:&quot;&quot;,&quot;source&quot;:&quot;library&quot;},&quot;controls&quot;:&quot;yes&quot;}\" data-widget_type=\"video.default\">\n\t\t\t\t<div class=\"elementor-widget-container\">\n\t\t\t\t\t\t\t<div class=\"e-hosted-video elementor-wrapper elementor-open-inline\">\n\t\t\t\t\t<video class=\"elementor-video\" src=\"https:\/\/polymusiq.com\/wp-content\/uploads\/2024\/01\/Elementor-video-placeholder.mp4\" controls=\"\" preload=\"metadata\" controlsList=\"nodownload\" poster=\"https:\/\/polymusiq.com\/wp-content\/uploads\/2024\/01\/video-cover.jpeg\"><\/video>\n\t\t\t\t\t\t<div class=\"elementor-custom-embed-image-overlay\" style=\"background-image: url(https:\/\/polymusiq.com\/wp-content\/uploads\/2024\/01\/video-cover.jpeg);\">\n\t\t\t\t\t\t\t\t\t\t\t\t\t\t\t\t<div class=\"elementor-custom-embed-play\" role=\"button\" aria-label=\"Lire la vid\u00e9o\" tabindex=\"0\">\n\t\t\t\t\t\t\t<svg xmlns=\"http:\/\/www.w3.org\/2000\/svg\" width=\"24\" height=\"24\" viewBox=\"0 0 24 24\" fill=\"none\"><g id=\"play\"><path id=\"Icon\" d=\"M5 4.98963C5 4.01847 5 3.53289 5.20249 3.26522C5.37889 3.03203 5.64852 2.88773 5.9404 2.8703C6.27544 2.8503 6.67946 3.11965 7.48752 3.65835L18.0031 10.6687C18.6708 11.1139 19.0046 11.3364 19.1209 11.6169C19.2227 11.8622 19.2227 12.1378 19.1209 12.3831C19.0046 12.6636 18.6708 12.8862 18.0031 13.3313L7.48752 20.3417C6.67946 20.8804 6.27544 21.1497 5.9404 21.1297C5.64852 21.1123 5.37889 20.968 5.20249 20.7348C5 20.4671 5 19.9815 5 19.0104V4.98963Z\" stroke=\"black\" stroke-width=\"2\" stroke-linecap=\"round\" stroke-linejoin=\"round\"><\/path><\/g><\/svg>\t\t\t\t\t\t<\/div>\n\t\t\t\t\t\t\t\t\t<\/div>\n\t\t\t\t\t<\/div>\n\t\t\t\t\t\t<\/div>\n\t\t\t\t<\/div>\n\t\t\t\t<div class=\"elementor-element elementor-element-f972ad6 elementor-widget elementor-widget-image\" data-id=\"f972ad6\" data-element_type=\"widget\" data-e-type=\"widget\" data-widget_type=\"image.default\">\n\t\t\t\t<div class=\"elementor-widget-container\">\n\t\t\t\t\t\t\t\t\t\t\t\t\t\t\t<img loading=\"lazy\" decoding=\"async\" width=\"1768\" height=\"1263\" src=\"https:\/\/polymusiq.com\/wp-content\/uploads\/2024\/04\/Photo-Polymusiq-cottonbro-studio.jpg\" class=\"attachment-full size-full wp-image-34829\" alt=\"\" srcset=\"https:\/\/polymusiq.com\/wp-content\/uploads\/2024\/04\/Photo-Polymusiq-cottonbro-studio.jpg 1768w, https:\/\/polymusiq.com\/wp-content\/uploads\/2024\/04\/Photo-Polymusiq-cottonbro-studio-300x214.jpg 300w, https:\/\/polymusiq.com\/wp-content\/uploads\/2024\/04\/Photo-Polymusiq-cottonbro-studio-1024x732.jpg 1024w, https:\/\/polymusiq.com\/wp-content\/uploads\/2024\/04\/Photo-Polymusiq-cottonbro-studio-768x549.jpg 768w, https:\/\/polymusiq.com\/wp-content\/uploads\/2024\/04\/Photo-Polymusiq-cottonbro-studio-1536x1097.jpg 1536w, https:\/\/polymusiq.com\/wp-content\/uploads\/2024\/04\/Photo-Polymusiq-cottonbro-studio-18x12.jpg 18w, https:\/\/polymusiq.com\/wp-content\/uploads\/2024\/04\/Photo-Polymusiq-cottonbro-studio-600x429.jpg 600w\" sizes=\"(max-width: 1768px) 100vw, 1768px\" \/>\t\t\t\t\t\t\t\t\t\t\t\t\t\t\t<\/div>\n\t\t\t\t<\/div>\n\t\t\t\t<\/div>\n\t\t\t\t\t<\/div>\n\t\t\t\t<\/div>\n\t\t\t\t<\/div>\n\t\t<div class=\"elementor-element elementor-element-6145e2e e-con-full elementor-hidden-desktop elementor-hidden-tablet elementor-hidden-mobile e-flex e-con e-parent\" data-id=\"6145e2e\" data-element_type=\"container\" data-e-type=\"container\" data-settings=\"{&quot;background_background&quot;:&quot;classic&quot;,&quot;jet_parallax_layout_list&quot;:[]}\">\n\t\t<div class=\"elementor-element elementor-element-c7d9056 e-flex e-con-boxed e-con e-child\" data-id=\"c7d9056\" data-element_type=\"container\" data-e-type=\"container\" data-settings=\"{&quot;jet_parallax_layout_list&quot;:[]}\">\n\t\t\t\t\t<div class=\"e-con-inner\">\n\t\t<div class=\"elementor-element elementor-element-203ead6 e-flex e-con-boxed e-con e-child\" data-id=\"203ead6\" data-element_type=\"container\" data-e-type=\"container\" data-settings=\"{&quot;jet_parallax_layout_list&quot;:[]}\">\n\t\t\t\t\t<div class=\"e-con-inner\">\n\t\t\t\t<div class=\"elementor-element elementor-element-5d0cd37 elementor-widget elementor-widget-heading\" data-id=\"5d0cd37\" data-element_type=\"widget\" data-e-type=\"widget\" data-widget_type=\"heading.default\">\n\t\t\t\t<div class=\"elementor-widget-container\">\n\t\t\t\t\t<h4 class=\"elementor-heading-title elementor-size-default\">L'\u00e9quipe Fondatrice de PolyMusiq<\/h4>\t\t\t\t<\/div>\n\t\t\t\t<\/div>\n\t\t\t\t\t<\/div>\n\t\t\t\t<\/div>\n\t\t\t\t\t<\/div>\n\t\t\t\t<\/div>\n\t\t<div class=\"elementor-element elementor-element-d81429b e-flex e-con-boxed e-con e-child\" data-id=\"d81429b\" data-element_type=\"container\" data-e-type=\"container\" data-settings=\"{&quot;jet_parallax_layout_list&quot;:[]}\">\n\t\t\t\t\t<div class=\"e-con-inner\">\n\t\t\t\t<div class=\"elementor-element elementor-element-8c6f608 elementor-widget elementor-widget-jet-listing-grid\" data-id=\"8c6f608\" data-element_type=\"widget\" data-e-type=\"widget\" data-settings=\"{&quot;columns&quot;:&quot;4&quot;,&quot;columns_tablet&quot;:&quot;2&quot;,&quot;columns_mobile&quot;:&quot;1&quot;}\" data-widget_type=\"jet-listing-grid.default\">\n\t\t\t\t<div class=\"elementor-widget-container\">\n\t\t\t\t\t<div class=\"jet-listing-grid jet-listing\"><div class=\"jet-listing-not-found jet-listing-grid__items\" data-nav=\"{&quot;enabled&quot;:false,&quot;type&quot;:null,&quot;more_el&quot;:null,&quot;query&quot;:[],&quot;widget_settings&quot;:{&quot;lisitng_id&quot;:30186,&quot;posts_num&quot;:4,&quot;columns&quot;:4,&quot;columns_tablet&quot;:2,&quot;columns_mobile&quot;:1,&quot;column_min_width&quot;:240,&quot;column_min_width_tablet&quot;:240,&quot;column_min_width_mobile&quot;:240,&quot;inline_columns_css&quot;:false,&quot;is_archive_template&quot;:&quot;&quot;,&quot;post_status&quot;:[&quot;publish&quot;],&quot;use_random_posts_num&quot;:&quot;&quot;,&quot;max_posts_num&quot;:9,&quot;not_found_message&quot;:&quot;Aucun r\\u00e9sultat trouv\\u00e9&quot;,&quot;is_masonry&quot;:false,&quot;equal_columns_height&quot;:&quot;&quot;,&quot;use_load_more&quot;:&quot;&quot;,&quot;load_more_id&quot;:&quot;&quot;,&quot;load_more_type&quot;:&quot;click&quot;,&quot;load_more_offset&quot;:{&quot;unit&quot;:&quot;px&quot;,&quot;size&quot;:0,&quot;sizes&quot;:[]},&quot;use_custom_post_types&quot;:&quot;&quot;,&quot;custom_post_types&quot;:[],&quot;hide_widget_if&quot;:&quot;&quot;,&quot;carousel_enabled&quot;:&quot;&quot;,&quot;slides_to_scroll&quot;:&quot;1&quot;,&quot;arrows&quot;:&quot;true&quot;,&quot;arrow_icon&quot;:&quot;fa fa-angle-left&quot;,&quot;dots&quot;:&quot;&quot;,&quot;autoplay&quot;:&quot;true&quot;,&quot;pause_on_hover&quot;:&quot;true&quot;,&quot;autoplay_speed&quot;:5000,&quot;infinite&quot;:&quot;true&quot;,&quot;center_mode&quot;:&quot;&quot;,&quot;effect&quot;:&quot;slide&quot;,&quot;speed&quot;:500,&quot;inject_alternative_items&quot;:&quot;&quot;,&quot;injection_items&quot;:[],&quot;scroll_slider_enabled&quot;:&quot;&quot;,&quot;scroll_slider_on&quot;:[&quot;desktop&quot;,&quot;tablet&quot;,&quot;mobile&quot;],&quot;custom_query&quot;:&quot;yes&quot;,&quot;custom_query_id&quot;:&quot;32&quot;,&quot;_element_id&quot;:&quot;&quot;,&quot;collapse_first_last_gap&quot;:false,&quot;list_tag_selection&quot;:&quot;&quot;,&quot;list_items_wrapper_tag&quot;:&quot;div&quot;,&quot;list_item_tag&quot;:&quot;div&quot;,&quot;empty_items_wrapper_tag&quot;:&quot;div&quot;}}\" data-listing-source=\"query\" data-listing-id=\"30186\" data-query-id=\"32\" data-queried-id=\"28856|WP_Post\">Aucun r\u00e9sultat trouv\u00e9<\/div><\/div>\t\t\t\t<\/div>\n\t\t\t\t<\/div>\n\t\t\t\t\t<\/div>\n\t\t\t\t<\/div>\n\t\t\t\t<\/div>\n\t\t\t\t<\/div>\n\t\t","protected":false},"excerpt":{"rendered":"<p>\u00c0 propos de PolyMusiq Qui somme-nous ? Notre histoire Notre fondateur, un professeur suisse de piano, poss\u00e8de une expertise internationale de 8 ans dans l\u2019enseignement de la musique. Dipl\u00f4m\u00e9 du prestigieux Conservatoire de Musique de Gen\u00e8ve et form\u00e9 \u00e0 l\u2019Institut Jacques-Dalcroze, il est passionn\u00e9 par l\u2019\u00e9ducation musicale et s\u2019engage \u00e0 offrir des cours de qualit\u00e9 [&hellip;]<\/p>\n","protected":false},"author":2,"featured_media":0,"parent":0,"menu_order":0,"comment_status":"closed","ping_status":"closed","template":"","meta":{"footnotes":""},"class_list":["post-28856","page","type-page","status-publish","hentry"],"_links":{"self":[{"href":"https:\/\/polymusiq.com\/de\/wp-json\/wp\/v2\/pages\/28856","targetHints":{"allow":["GET"]}}],"collection":[{"href":"https:\/\/polymusiq.com\/de\/wp-json\/wp\/v2\/pages"}],"about":[{"href":"https:\/\/polymusiq.com\/de\/wp-json\/wp\/v2\/types\/page"}],"author":[{"embeddable":true,"href":"https:\/\/polymusiq.com\/de\/wp-json\/wp\/v2\/users\/2"}],"replies":[{"embeddable":true,"href":"https:\/\/polymusiq.com\/de\/wp-json\/wp\/v2\/comments?post=28856"}],"version-history":[{"count":274,"href":"https:\/\/polymusiq.com\/de\/wp-json\/wp\/v2\/pages\/28856\/revisions"}],"predecessor-version":[{"id":37413,"href":"https:\/\/polymusiq.com\/de\/wp-json\/wp\/v2\/pages\/28856\/revisions\/37413"}],"wp:attachment":[{"href":"https:\/\/polymusiq.com\/de\/wp-json\/wp\/v2\/media?parent=28856"}],"curies":[{"name":"wp","href":"https:\/\/api.w.org\/{rel}","templated":true}]}}